{"id":4111,"date":"2025-01-06T16:33:39","date_gmt":"2025-01-06T16:33:39","guid":{"rendered":"https:\/\/karah.group\/?page_id=4111"},"modified":"2025-01-07T14:42:27","modified_gmt":"2025-01-07T14:42:27","slug":"termes-et-conditions","status":"publish","type":"page","link":"https:\/\/karah.group\/fr\/termes-et-conditions\/","title":{"rendered":"TERMES ET CONDITIONS"},"content":{"rendered":"<p>Ces termes et conditions r\u00e9gissent votre utilisation de la plateforme web de Karah. Veuillez lire l'int\u00e9gralit\u00e9 des conditions avant d'utiliser cette plateforme. Si vous n'acceptez pas ces conditions, veuillez vous abstenir d'utiliser cette plateforme. L'utilisation de notre site web et autres plateformes Karah connect\u00e9es \u00e0 internet implique que vous acceptez ces termes et conditions<\/p>\n\n\n\n<p><strong>Acc\u00e9der au site web<\/strong><\/p>\n\n\n\n<p>Vous pourrez acc\u00e9der \u00e0 la majorit\u00e9 du site web de Karah sans avoir \u00e0 enregistrer ou \u00e0 partager des informations personnelles avec nous. Lorsque nous avons besoin de conserver des informations vous concernant, consultez notre page de politique de confidentialit\u00e9 pour savoir quelles informations nous d\u00e9tenons et comment nous les utilisons.<\/p>\n\n\n\n<p><strong>Utilisation du site web<\/strong><\/p>\n\n\n\n<p>You are permitted to use our website for your own purposes and to print and download material from the website (provided that you do not modify any content without our consent). The content of this website and other Karah platforms must not be published online or offline without our permission.<\/p>\n\n\n\n<p>Les droits d'auteur et autres droits de propri\u00e9t\u00e9 intellectuelle sur tous les \u00e9l\u00e9ments de ce site Web nous appartiennent et ne doivent pas \u00eatre reproduits sans notre accord pr\u00e9alable.<\/p>\n\n\n\n<p><strong>Disponibilit\u00e9 du site web<\/strong><\/p>\n\n\n\n<p>Nous prenons toutes les mesures raisonnables pour nous assurer que le site web est disponible 24 heures sur 24, 365 jours par an. Cependant, les sites web rencontrent parfois des temps d'arr\u00eat en raison de probl\u00e8mes d'infrastructure technique et d'h\u00e9bergement. Par cons\u00e9quent, nous ne serons pas responsables si ce site web n'est pas disponible \u00e0 tout moment.<\/p>\n\n\n\n<p>Le site web peut \u00eatre temporairement indisponible en raison de probl\u00e8mes tels que la d\u00e9faillance du syst\u00e8me, la maintenance ou la r\u00e9paration ou pour des raisons ind\u00e9pendantes de notre volont\u00e9. Dans la mesure du possible, nous essaierons d'avertir nos visiteurs \u00e0 l'avance des probl\u00e8mes de maintenance, mais nous ne serons pas tenus de le faire.<\/p>\n\n\n\n<p><strong>Comportement des visiteurs du site Web<\/strong><\/p>\n\n\n\n<p>\u00c0 l'exception des informations personnelles identifiables, dont l'utilisation est couverte par notre politique de confidentialit\u00e9, tout mat\u00e9riel que vous envoyez ou publiez sur le site web, ou que vous collectez via les fonctionnalit\u00e9s du site sera consid\u00e9r\u00e9 comme non exclusif et non confidentiel. Sauf avis contraire, nous serons libres de copier, divulguer, distribuer, incorporer et autrement utiliser ce mat\u00e9riel \u00e0 toutes fins.<\/p>\n\n\n\n<p>Lorsque vous utilisez le site web, vous ne devez pas publier ni envoyer vers ou depuis ce site web du mat\u00e9riel:<\/p>\n\n\n\n<p>(a) for which you have not obtained all necessary consents;<\/p>\n\n\n\n<p>(b) qui est discriminatoire, obsc\u00e8ne, pornographique, diffamatoire, susceptible d'inciter \u00e0 la haine raciale, en violation de la confidentialit\u00e9 ou de la vie priv\u00e9e, qui peut indisposer ou g\u00eaner les autres, qui encourage ou constitue un comportement qui serait consid\u00e9r\u00e9 comme une infraction p\u00e9nale, donne lieu \u00e0 une responsabilit\u00e9 civile, ou autrement contraire \u00e0 la loi au Cameroun;<\/p>\n\n\n\n<p>(c) qui est de nature nuisible, y compris et sans limitation, les virus informatiques, les chevaux de Troie, les donn\u00e9es corrompues ou d'autres logiciels ou donn\u00e9es potentiellement dangereux.<\/p>\n\n\n\n<p>Nous coop\u00e9rons pleinement avec les autorit\u00e9s charg\u00e9es de l'application des lois ou les d\u00e9cisions de justice nous obligeant \u00e0 divulguer l'identit\u00e9 ou d'autres d\u00e9tails de toute personne qui publie du mat\u00e9riel sur ce site web en violation des conditions de \u00abcomportement du visiteur du site Web\u00bb.<\/p>\n\n\n\n<p><strong>Liens du site web<\/strong><\/p>\n\n\n\n<p>Tous les liens vers des sites web tiers fournis par le site web de Karah sont fournis uniquement pour votre commodit\u00e9. Nous n'examinons pas chaque site web tiers et n'avons aucune responsabilit\u00e9 pour ces sites web tiers ou leur contenu. Nous n'endossons pas les sites web de tiers et ne faisons aucune d\u00e9claration \u00e0 leur sujet ou \u00e0 l'\u00e9gard de tout contenu qu'ils contiennent. Si vous choisissez de visiter un site Web tiers li\u00e9 \u00e0 partir de ce site web, c'est \u00e0 vos propres risques.<\/p>\n\n\n\n<p>Si vous souhaitez cr\u00e9er un lien vers ce site web, vous ne pouvez le faire que sur la base d'un lien vers une page de ce site web, mais ne devez pas le reproduire, et sous r\u00e9serve des conditions suivantes:<\/p>\n\n\n\n<ol style=\"list-style-type:lower-alpha\" class=\"wp-block-list\">\n<li>(a) vous n'impliquez en aucune fa\u00e7on que nous approuvons des services ou des produits \u00e0 moins que cela n'ait \u00e9t\u00e9 sp\u00e9cifiquement convenu avec nous;<\/li>\n\n\n\n<li>(b) vous ne d\u00e9formez pas votre relation avec nous ou ne pr\u00e9sentez aucune fausse information \u00e0 notre sujet;<\/li>\n\n\n\n<li>(c) vous ne cr\u00e9ez pas de lien \u00e0 partir d'un site web qui ne vous appartient pas;<\/li>\n\n\n\n<li>(d) votre site web ne doit pas contenir du mat\u00e9riel offensant, controvers\u00e9, enfreignant les droits de propri\u00e9t\u00e9 intellectuelle ou d'autres droits de toute autre personne ou ne respectant en aucune mani\u00e8re la loi du Cameroun<\/li>\n<\/ol>\n\n\n\n<p>Si vous choisissez de cr\u00e9er un lien vers le site Web de Karah en violation des conditions ci-dessus relatives aux \u00abliens du site Web\u00bb, vous nous indemniserez enti\u00e8rement de toute perte ou dommage subi \u00e0 la suite de vos actions.<\/p>\n\n\n\n<p><strong>Clause de non-responsabilit\u00e9 du site web<\/strong><\/p>\n\n\n\n<p>Nous prenons toutes les mesures raisonnables pour nous assurer que les informations contenues sur le site web de Karah sont correctes. Cependant, nous ne garantissons pas l'exactitude ou l'exhaustivit\u00e9 des documents que nous publions. Nous pouvons apporter des modifications au contenu de ce site web \u00e0 tout moment et sans pr\u00e9avis. Veuillez noter que le mat\u00e9riel sur ce site web peut parfois devenir obsol\u00e8te, ou en de rares occasions \u00eatre incorrect et nous ne nous engageons pas \u00e0 nous assurer que ce mat\u00e9riel est correct ou \u00e0 jour.<\/p>\n\n\n\n<p>Le contenu de ce site web est fourni sans aucune condition ni garantie d'aucune sorte. Dans la mesure maximale autoris\u00e9e par la loi, nous fournissons l'acc\u00e8s et l'utilisation de ce site web sur la base que nous excluons toutes les repr\u00e9sentations, garanties et conditions qui, \u00e0 l'exception des pr\u00e9sentes conditions, pourraient avoir un effet en relation avec ce site web.<\/p>\n\n\n\n<p><strong>Exclusion de responsabilit\u00e9<\/strong><\/p>\n\n\n\n<p>Ni nous ni aucune autre partie (qu'elle soit ou non impliqu\u00e9e dans la production, la maintenance ou la livraison du site web de Karah), ne serons responsables de tout type de perte ou de dommage qui pourrait en r\u00e9sulter pour vous ou un tiers du fait de votre ou de leur utilisation de notre site web. Cette exclusion comprend les frais d'entretien ou de r\u00e9paration et, sans s'y limiter, toute autre perte directe, indirecte ou cons\u00e9cutive, que ce soit en responsabilit\u00e9 d\u00e9lictuelle ou contractuelle ou autrement en relation avec ce site web.<\/p>\n\n\n\n<p>Rien dans ces Conditions n'exclut ou ne limite la responsabilit\u00e9 pour (i) la mort ou des blessures caus\u00e9es par n\u00e9gligence; (ii) fraude; (iii) fausses d\u00e9clarations sur une question fondamentale; ou (iv) toute responsabilit\u00e9 qui ne peut \u00eatre exclue ou limit\u00e9e en vertu du droit du Cameroun.<\/p>\n\n\n\n<p><strong>Juridiction comp\u00e9tente<\/strong><\/p>\n\n\n\n<p>Les pr\u00e9sentes mentions l\u00e9gales seront r\u00e9gies et interpr\u00e9t\u00e9es conform\u00e9ment au droit camerounais. Tout diff\u00e9rend survenant en relation avec les pr\u00e9sentes mentions l\u00e9gales est soumis \u00e0 la juridiction exclusive du Cameroun.<\/p>","protected":false},"excerpt":{"rendered":"<p>These terms and conditions govern your use of the Karah web platform. Please read these terms and conditions in their entirety before using this platform. If you do not agree to these terms, please do not use this platform. Use of our website and other Karah platforms connected to the Internet implies your acceptance of [&hellip;]<\/p>\n","protected":false},"author":1,"featured_media":0,"parent":0,"menu_order":0,"comment_status":"closed","ping_status":"closed","template":"","meta":{"_acf_changed":false,"footnotes":""},"class_list":["post-4111","page","type-page","status-publish","hentry"],"acf":[],"_links":{"self":[{"href":"https:\/\/karah.group\/fr\/wp-json\/wp\/v2\/pages\/4111","targetHints":{"allow":["GET"]}}],"collection":[{"href":"https:\/\/karah.group\/fr\/wp-json\/wp\/v2\/pages"}],"about":[{"href":"https:\/\/karah.group\/fr\/wp-json\/wp\/v2\/types\/page"}],"author":[{"embeddable":true,"href":"https:\/\/karah.group\/fr\/wp-json\/wp\/v2\/users\/1"}],"replies":[{"embeddable":true,"href":"https:\/\/karah.group\/fr\/wp-json\/wp\/v2\/comments?post=4111"}],"version-history":[{"count":2,"href":"https:\/\/karah.group\/fr\/wp-json\/wp\/v2\/pages\/4111\/revisions"}],"predecessor-version":[{"id":4117,"href":"https:\/\/karah.group\/fr\/wp-json\/wp\/v2\/pages\/4111\/revisions\/4117"}],"wp:attachment":[{"href":"https:\/\/karah.group\/fr\/wp-json\/wp\/v2\/media?parent=4111"}],"curies":[{"name":"wp","href":"https:\/\/api.w.org\/{rel}","templated":true}]}}